{"id":1636,"date":"2025-05-28T15:51:33","date_gmt":"2025-05-28T15:51:33","guid":{"rendered":"https:\/\/villamari.claudioruggiu.it\/blog\/"},"modified":"2026-03-15T14:53:26","modified_gmt":"2026-03-15T14:53:26","slug":"blog","status":"publish","type":"page","link":"https:\/\/www.villamarialghero.it\/es\/blog\/","title":{"rendered":"Blog"},"content":{"rendered":"<style>.elementor-1636 .elementor-element.elementor-element-29068a26{--display:flex;--flex-direction:row;--container-widget-width:initial;--container-widget-height:100%;--container-widget-flex-grow:1;--container-widget-align-self:stretch;--flex-wrap-mobile:wrap;--gap:0px 0px;--row-gap:0px;--column-gap:0px;--overlay-opacity:0.4;--margin-top:-100px;--margin-bottom:0px;--margin-left:0px;--margin-right:0px;--padding-top:0px;--padding-bottom:0px;--padding-left:0px;--padding-right:0px;}.elementor-1636 .elementor-element.elementor-element-29068a26:not(.elementor-motion-effects-element-type-background), .elementor-1636 .elementor-element.elementor-element-29068a26 > .elementor-motion-effects-container > .elementor-motion-effects-layer{background-position:center center;background-repeat:no-repeat;background-size:cover;}.elementor-1636 .elementor-element.elementor-element-29068a26::before, .elementor-1636 .elementor-element.elementor-element-29068a26 > .elementor-background-video-container::before, .elementor-1636 .elementor-element.elementor-element-29068a26 > .e-con-inner > .elementor-background-video-container::before, .elementor-1636 .elementor-element.elementor-element-29068a26 > .elementor-background-slideshow::before, .elementor-1636 .elementor-element.elementor-element-29068a26 > .e-con-inner > .elementor-background-slideshow::before, .elementor-1636 .elementor-element.elementor-element-29068a26 > .elementor-motion-effects-container > .elementor-motion-effects-layer::before{--background-overlay:'';background-color:var( --e-global-color-primary );}.elementor-1636 .elementor-element.elementor-element-3ac4d3f2{--display:flex;--flex-direction:column;--container-widget-width:100%;--container-widget-height:initial;--container-widget-flex-grow:0;--container-widget-align-self:initial;--flex-wrap-mobile:wrap;--gap:0px 0px;--row-gap:0px;--column-gap:0px;--margin-top:0px;--margin-bottom:0px;--margin-left:0px;--margin-right:0px;--padding-top:250px;--padding-bottom:150px;--padding-left:0px;--padding-right:0px;}.elementor-1636 .elementor-element.elementor-element-3ac4d3f2:not(.elementor-motion-effects-element-type-background), .elementor-1636 .elementor-element.elementor-element-3ac4d3f2 > .elementor-motion-effects-container > .elementor-motion-effects-layer{background-color:transparent;background-image:linear-gradient(180deg, var( --e-global-color-primary ) 0%, #00000A00 60%);}.elementor-1636 .elementor-element.elementor-element-5d63c99c{--display:flex;--flex-direction:column;--container-widget-width:100%;--container-widget-height:initial;--container-widget-flex-grow:0;--container-widget-align-self:initial;--flex-wrap-mobile:wrap;--gap:0px 0px;--row-gap:0px;--column-gap:0px;--margin-top:0px;--margin-bottom:0px;--margin-left:0px;--margin-right:0px;--padding-top:0px;--padding-bottom:0px;--padding-left:0px;--padding-right:0px;}.elementor-1636 .elementor-element.elementor-element-1ad0b33a{text-align:center;}.elementor-1636 .elementor-element.elementor-element-1ad0b33a .elementor-heading-title{font-family:\"Great Vibes\", Sans-serif;font-size:70px;color:var( --e-global-color-b711fcc );}.elementor-1636 .elementor-element.elementor-element-529756c9{--display:flex;--min-height:97px;--flex-direction:row;--container-widget-width:initial;--container-widget-height:100%;--container-widget-flex-grow:1;--container-widget-align-self:stretch;--flex-wrap-mobile:wrap;--justify-content:center;--gap:25px 25px;--row-gap:25px;--column-gap:25px;--margin-top:0px;--margin-bottom:0px;--margin-left:0px;--margin-right:0px;--padding-top:120px;--padding-bottom:140px;--padding-left:0px;--padding-right:0px;}.elementor-1636 .elementor-element.elementor-element-33c25cfd{--display:flex;--flex-direction:column;--container-widget-width:100%;--container-widget-height:initial;--container-widget-flex-grow:0;--container-widget-align-self:initial;--flex-wrap-mobile:wrap;--gap:30px 0px;--row-gap:30px;--column-gap:0px;--margin-top:0px;--margin-bottom:0px;--margin-left:0px;--margin-right:0px;--padding-top:0px;--padding-bottom:0px;--padding-left:0px;--padding-right:0px;}.elementor-1636 .elementor-element.elementor-element-003277a .elementor-posts-container .elementor-post__thumbnail{padding-bottom:calc( 0.75 * 100% );}.elementor-1636 .elementor-element.elementor-element-003277a:after{content:\"0.75\";}.elementor-1636 .elementor-element.elementor-element-003277a .elementor-post__thumbnail__link{width:35%;}.elementor-1636 .elementor-element.elementor-element-003277a{--grid-column-gap:30px;--grid-row-gap:65px;}.elementor-1636 .elementor-element.elementor-element-003277a.elementor-posts--thumbnail-left .elementor-post__thumbnail__link{margin-right:20px;}.elementor-1636 .elementor-element.elementor-element-003277a.elementor-posts--thumbnail-right .elementor-post__thumbnail__link{margin-left:20px;}.elementor-1636 .elementor-element.elementor-element-003277a.elementor-posts--thumbnail-top .elementor-post__thumbnail__link{margin-bottom:20px;}.elementor-1636 .elementor-element.elementor-element-003277a .elementor-post__title, .elementor-1636 .elementor-element.elementor-element-003277a .elementor-post__title a{color:var( --e-global-color-f7c54e0 );font-size:25px;line-height:34px;}.elementor-1636 .elementor-element.elementor-element-003277a .elementor-post__title{margin-bottom:11px;}.elementor-1636 .elementor-element.elementor-element-003277a .elementor-post__excerpt p{font-size:16px;}:root{--page-title-display:none;}@media(min-width:768px){.elementor-1636 .elementor-element.elementor-element-3ac4d3f2{--width:100%;}.elementor-1636 .elementor-element.elementor-element-33c25cfd{--width:86%;}}@media(max-width:1024px){.elementor-1636 .elementor-element.elementor-element-29068a26{--margin-top:-90px;--margin-bottom:0px;--margin-left:0px;--margin-right:0px;--padding-top:0px;--padding-bottom:0px;--padding-left:0px;--padding-right:0px;}.elementor-1636 .elementor-element.elementor-element-3ac4d3f2{--margin-top:0px;--margin-bottom:0px;--margin-left:0px;--margin-right:0px;--padding-top:150px;--padding-bottom:80px;--padding-left:20px;--padding-right:20px;}.elementor-1636 .elementor-element.elementor-element-529756c9{--gap:0px 20px;--row-gap:0px;--column-gap:20px;--margin-top:0px;--margin-bottom:0px;--margin-left:0px;--margin-right:0px;--padding-top:70px;--padding-bottom:70px;--padding-left:20px;--padding-right:20px;}}@media(max-width:767px){.elementor-1636 .elementor-element.elementor-element-29068a26{--margin-top:-85px;--margin-bottom:0px;--margin-left:0px;--margin-right:0px;}.elementor-1636 .elementor-element.elementor-element-3ac4d3f2{--padding-top:140px;--padding-bottom:70px;--padding-left:20px;--padding-right:20px;}.elementor-1636 .elementor-element.elementor-element-529756c9{--margin-top:0px;--margin-bottom:0px;--margin-left:0px;--margin-right:0px;--padding-top:50px;--padding-bottom:50px;--padding-left:20px;--padding-right:20px;}.elementor-1636 .elementor-element.elementor-element-003277a .elementor-posts-container .elementor-post__thumbnail{padding-bottom:calc( 0.5 * 100% );}.elementor-1636 .elementor-element.elementor-element-003277a:after{content:\"0.5\";}.elementor-1636 .elementor-element.elementor-element-003277a .elementor-post__thumbnail__link{width:100%;}}\/* Start Custom Fonts CSS *\/@font-face {\n\tfont-family: 'Great Vibes';\n\tfont-display: auto;\n\tsrc: url('https:\/\/www.villamarialghero.it\/wp-content\/uploads\/GreatVibes-Regular.ttf') format('truetype');\n}\n\/* End Custom Fonts CSS *\/<\/style>\t\t<div data-elementor-type=\"wp-page\" data-elementor-id=\"1636\" class=\"elementor elementor-1636 elementor-310\" data-elementor-post-type=\"page\">\n\t\t\t\t<div class=\"elementor-element elementor-element-29068a26 e-con-full e-flex e-con e-parent\" data-id=\"29068a26\" data-element_type=\"container\" data-e-type=\"container\" data-settings=\"{&quot;background_background&quot;:&quot;classic&quot;}\">\n\t\t<div class=\"elementor-element elementor-element-3ac4d3f2 e-con-full e-flex e-con e-child\" data-id=\"3ac4d3f2\" data-element_type=\"container\" data-e-type=\"container\" data-settings=\"{&quot;background_background&quot;:&quot;gradient&quot;}\">\n\t\t<div class=\"elementor-element elementor-element-5d63c99c e-flex e-con-boxed e-con e-child\" data-id=\"5d63c99c\" data-element_type=\"container\" data-e-type=\"container\">\n\t\t\t\t\t<div class=\"e-con-inner\">\n\t\t\t\t<div class=\"elementor-element elementor-element-1ad0b33a elementor-widget elementor-widget-heading\" data-id=\"1ad0b33a\" data-element_type=\"widget\" data-e-type=\"widget\" data-widget_type=\"heading.default\">\n\t\t\t\t<div class=\"elementor-widget-container\">\n\t\t\t\t\t<h2 class=\"elementor-heading-title elementor-size-default\">Blog<\/h2>\t\t\t\t<\/div>\n\t\t\t\t<\/div>\n\t\t\t\t\t<\/div>\n\t\t\t\t<\/div>\n\t\t\t\t<\/div>\n\t\t\t\t<\/div>\n\t\t<div class=\"elementor-element elementor-element-529756c9 e-flex e-con-boxed e-con e-parent\" data-id=\"529756c9\" data-element_type=\"container\" data-e-type=\"container\">\n\t\t\t\t\t<div class=\"e-con-inner\">\n\t\t<div class=\"elementor-element elementor-element-33c25cfd e-con-full e-flex e-con e-child\" data-id=\"33c25cfd\" data-element_type=\"container\" data-e-type=\"container\">\n\t\t\t\t<div class=\"elementor-element elementor-element-003277a elementor-grid-1 elementor-posts--thumbnail-left elementor-grid-tablet-2 elementor-grid-mobile-1 elementor-widget elementor-widget-posts\" data-id=\"003277a\" data-element_type=\"widget\" data-e-type=\"widget\" data-settings=\"{&quot;classic_columns&quot;:&quot;1&quot;,&quot;classic_row_gap&quot;:{&quot;unit&quot;:&quot;px&quot;,&quot;size&quot;:65,&quot;sizes&quot;:[]},&quot;classic_columns_tablet&quot;:&quot;2&quot;,&quot;classic_columns_mobile&quot;:&quot;1&quot;,&quot;classic_row_gap_tablet&quot;:{&quot;unit&quot;:&quot;px&quot;,&quot;size&quot;:&quot;&quot;,&quot;sizes&quot;:[]},&quot;classic_row_gap_mobile&quot;:{&quot;unit&quot;:&quot;px&quot;,&quot;size&quot;:&quot;&quot;,&quot;sizes&quot;:[]}}\" data-widget_type=\"posts.classic\">\n\t\t\t\t<div class=\"elementor-widget-container\">\n\t\t\t\t\t\t\t<div class=\"elementor-posts-container elementor-posts elementor-posts--skin-classic elementor-grid\" role=\"list\">\n\t\t\t\t<article class=\"elementor-post elementor-grid-item post-1612 post type-post status-publish format-standard has-post-thumbnail hentry category-blog\" role=\"listitem\">\n\t\t\t\t<a class=\"elementor-post__thumbnail__link\" href=\"https:\/\/www.villamarialghero.it\/es\/fin-de-semana-romantico-en-cerdena-por-que-elegir-villamari\/\" tabindex=\"-1\" >\n\t\t\t<div class=\"elementor-post__thumbnail\"><img fetchpriority=\"high\" decoding=\"async\" width=\"300\" height=\"188\" src=\"https:\/\/www.villamarialghero.it\/wp-content\/uploads\/weekend-romantico-300x188.jpg\" class=\"attachment-medium size-medium wp-image-1604\" alt=\"\" srcset=\"https:\/\/www.villamarialghero.it\/wp-content\/uploads\/weekend-romantico-300x188.jpg 300w, https:\/\/www.villamarialghero.it\/wp-content\/uploads\/weekend-romantico-768x482.jpg 768w, https:\/\/www.villamarialghero.it\/wp-content\/uploads\/weekend-romantico.jpg 1000w\" sizes=\"(max-width: 300px) 100vw, 300px\" \/><\/div>\n\t\t<\/a>\n\t\t\t\t<div class=\"elementor-post__text\">\n\t\t\t\t<h3 class=\"elementor-post__title\">\n\t\t\t<a href=\"https:\/\/www.villamarialghero.it\/es\/fin-de-semana-romantico-en-cerdena-por-que-elegir-villamari\/\" >\n\t\t\t\tFin de semana rom\u00e1ntico en Cerde\u00f1a: por qu\u00e9 elegir Villamar\u00ec\t\t\t<\/a>\n\t\t<\/h3>\n\t\t\t\t<div class=\"elementor-post__excerpt\">\n\t\t\t<p>Alguer es uno de los destinos m\u00e1s rom\u00e1nticos de Cerde\u00f1a, gracias a sus espectaculares puestas de sol, los paseos por las murallas y la atm\u00f3sfera \u00fanica de su casco antiguo catal\u00e1n. Para una escapada rom\u00e1ntica inolvidable, Villamar\u00ec ofrece la combinaci\u00f3n perfecta entre confort, privacidad y autenticidad. Ambiente \u00edntimo y acogedor. Villamar\u00ec es un alojamiento dise\u00f1ado para ofrecer tranquilidad y relax. Las habitaciones, decoradas con gusto, crean un entorno ideal para parejas que buscan intimidad. El cuidado de los detalles y la c\u00e1lida hospitalidad de Paquita marcan la diferencia. Ubicaci\u00f3n estrat\u00e9gica<\/p>\n\t\t<\/div>\n\t\t\t\t<\/div>\n\t\t\t\t<\/article>\n\t\t\t\t<article class=\"elementor-post elementor-grid-item post-1611 post type-post status-publish format-standard has-post-thumbnail hentry category-blog\" role=\"listitem\">\n\t\t\t\t<a class=\"elementor-post__thumbnail__link\" href=\"https:\/\/www.villamarialghero.it\/es\/que-hacer-en-alghero-ademas-de-la-playa-experiencias-autenticas\/\" tabindex=\"-1\" >\n\t\t\t<div class=\"elementor-post__thumbnail\"><img decoding=\"async\" width=\"300\" height=\"199\" src=\"https:\/\/www.villamarialghero.it\/wp-content\/uploads\/passeggiate-cavallo-300x199.jpg\" class=\"attachment-medium size-medium wp-image-1610\" alt=\"\" srcset=\"https:\/\/www.villamarialghero.it\/wp-content\/uploads\/passeggiate-cavallo-300x199.jpg 300w, https:\/\/www.villamarialghero.it\/wp-content\/uploads\/passeggiate-cavallo-768x509.jpg 768w, https:\/\/www.villamarialghero.it\/wp-content\/uploads\/passeggiate-cavallo.jpg 1000w\" sizes=\"(max-width: 300px) 100vw, 300px\" \/><\/div>\n\t\t<\/a>\n\t\t\t\t<div class=\"elementor-post__text\">\n\t\t\t\t<h3 class=\"elementor-post__title\">\n\t\t\t<a href=\"https:\/\/www.villamarialghero.it\/es\/que-hacer-en-alghero-ademas-de-la-playa-experiencias-autenticas\/\" >\n\t\t\t\tQu\u00e9 hacer en Alghero adem\u00e1s de la playa: experiencias aut\u00e9nticas\t\t\t<\/a>\n\t\t<\/h3>\n\t\t\t\t<div class=\"elementor-post__excerpt\">\n\t\t\t<p>Alghero, situada en la costa noroeste de Cerde\u00f1a, es conocida por sus playas y su centro hist\u00f3rico catal\u00e1n. Sin embargo, esta encantadora ciudad ofrece mucho m\u00e1s: un interior rico en historia, cultura y naturaleza por descubrir. Aqu\u00ed tienes algunas experiencias aut\u00e9nticas para vivir durante tu estancia. Excursi\u00f3n a las Grutas de Neptuno. Accesibles por mar con las excursiones en barco desde el puerto de Alghero o por tierra a trav\u00e9s de la c\u00e9lebre Escala del Cabirol (654 escalones excavados en el acantilado), las Grutas de Neptuno son uno de los<\/p>\n\t\t<\/div>\n\t\t\t\t<\/div>\n\t\t\t\t<\/article>\n\t\t\t\t<article class=\"elementor-post elementor-grid-item post-1621 post type-post status-publish format-standard has-post-thumbnail hentry category-blog\" role=\"listitem\">\n\t\t\t\t<a class=\"elementor-post__thumbnail__link\" href=\"https:\/\/www.villamarialghero.it\/es\/sabor-sardo-platos-tipicos-que-debes-probar-durante-tus-vacaciones\/\" tabindex=\"-1\" >\n\t\t\t<div class=\"elementor-post__thumbnail\"><img decoding=\"async\" width=\"300\" height=\"200\" src=\"https:\/\/www.villamarialghero.it\/wp-content\/uploads\/aragosta-catalana-300x200.jpg\" class=\"attachment-medium size-medium wp-image-1620\" alt=\"\" srcset=\"https:\/\/www.villamarialghero.it\/wp-content\/uploads\/aragosta-catalana-300x200.jpg 300w, https:\/\/www.villamarialghero.it\/wp-content\/uploads\/aragosta-catalana-768x511.jpg 768w, https:\/\/www.villamarialghero.it\/wp-content\/uploads\/aragosta-catalana.jpg 1000w\" sizes=\"(max-width: 300px) 100vw, 300px\" \/><\/div>\n\t\t<\/a>\n\t\t\t\t<div class=\"elementor-post__text\">\n\t\t\t\t<h3 class=\"elementor-post__title\">\n\t\t\t<a href=\"https:\/\/www.villamarialghero.it\/es\/sabor-sardo-platos-tipicos-que-debes-probar-durante-tus-vacaciones\/\" >\n\t\t\t\tSabor sardo: platos t\u00edpicos que debes probar durante tus vacaciones\t\t\t<\/a>\n\t\t<\/h3>\n\t\t\t\t<div class=\"elementor-post__excerpt\">\n\t\t\t<p>La cocina sarda es un viaje por la historia, la tierra y las tradiciones de un pueblo fuertemente ligado a su propia identidad. Durante unas vacaciones en Alguer, tendr\u00e1s la oportunidad de saborear platos aut\u00e9nticos en los restaurantes locales, en las fiestas populares de verano o en los mercadillos semanales. Aragosta alla Catalana. El plato emblem\u00e1tico de Alguer: langosta hervida servida fr\u00eda con tomates, cebolla roja y un chorrito de aceite de oliva. Un plato sencillo y extraordinario, ligado a la tradici\u00f3n catalano-algueresa, que est\u00e1 disponible en los mejores restaurantes<\/p>\n\t\t<\/div>\n\t\t\t\t<\/div>\n\t\t\t\t<\/article>\n\t\t\t\t<article class=\"elementor-post elementor-grid-item post-1629 post type-post status-publish format-standard has-post-thumbnail hentry category-blog\" role=\"listitem\">\n\t\t\t\t<a class=\"elementor-post__thumbnail__link\" href=\"https:\/\/www.villamarialghero.it\/es\/las-playas-mas-bonitas-de-alghero-y-alrededores\/\" tabindex=\"-1\" >\n\t\t\t<div class=\"elementor-post__thumbnail\"><img loading=\"lazy\" decoding=\"async\" width=\"300\" height=\"200\" src=\"https:\/\/www.villamarialghero.it\/wp-content\/uploads\/bombarde_compressed-300x200.jpg\" class=\"attachment-medium size-medium wp-image-1628\" alt=\"\" srcset=\"https:\/\/www.villamarialghero.it\/wp-content\/uploads\/bombarde_compressed-300x200.jpg 300w, https:\/\/www.villamarialghero.it\/wp-content\/uploads\/bombarde_compressed-1024x683.jpg 1024w, https:\/\/www.villamarialghero.it\/wp-content\/uploads\/bombarde_compressed-768x512.jpg 768w, https:\/\/www.villamarialghero.it\/wp-content\/uploads\/bombarde_compressed.jpg 1500w\" sizes=\"(max-width: 300px) 100vw, 300px\" \/><\/div>\n\t\t<\/a>\n\t\t\t\t<div class=\"elementor-post__text\">\n\t\t\t\t<h3 class=\"elementor-post__title\">\n\t\t\t<a href=\"https:\/\/www.villamarialghero.it\/es\/las-playas-mas-bonitas-de-alghero-y-alrededores\/\" >\n\t\t\t\tLas playas m\u00e1s bonitas de Alghero y alrededores\t\t\t<\/a>\n\t\t<\/h3>\n\t\t\t\t<div class=\"elementor-post__excerpt\">\n\t\t\t<p>Alghero es uno de los destinos de playa m\u00e1s apreciados del noroeste de Cerde\u00f1a. La costa ofrece playas para todos los gustos: arena dorada, aguas turquesas, calas escondidas y fondos marinos perfectos para hacer snorkel. Estas son las playas que no te puedes perder si te alojas en Villamar\u00ec. Playa de Le Bombarde. A unos 10 km del centro, Le Bombarde es la playa m\u00e1s famosa de Alghero: arena clara, agua cristalina con tonos turquesas y un pinar a sus espaldas que ofrece sombra natural. Servicios equipados y un chiringuito<\/p>\n\t\t<\/div>\n\t\t\t\t<\/div>\n\t\t\t\t<\/article>\n\t\t\t\t<\/div>\n\t\t\n\t\t\t\t\t\t<\/div>\n\t\t\t\t<\/div>\n\t\t\t\t<\/div>\n\t\t\t\t\t<\/div>\n\t\t\t\t<\/div>\n\t\t\t\t<\/div>\n\t\t","protected":false},"excerpt":{"rendered":"","protected":false},"author":1,"featured_media":0,"parent":0,"menu_order":0,"comment_status":"closed","ping_status":"closed","template":"","meta":{"footnotes":""},"class_list":["post-1636","page","type-page","status-publish","hentry"],"yoast_head":"<!-- This site is optimized with the Yoast SEO plugin v27.2 - https:\/\/yoast.com\/product\/yoast-seo-wordpress\/ -->\n<title>Blog - Villamar\u00ec<\/title>\n<meta name=\"robots\" content=\"index, follow, max-snippet:-1, max-image-preview:large, max-video-preview:-1\" \/>\n<link rel=\"canonical\" href=\"https:\/\/www.villamarialghero.it\/es\/blog\/\" \/>\n<meta property=\"og:locale\" content=\"es_ES\" \/>\n<meta property=\"og:type\" content=\"article\" \/>\n<meta property=\"og:title\" content=\"Blog - Villamar\u00ec\" \/>\n<meta property=\"og:url\" content=\"https:\/\/www.villamarialghero.it\/es\/blog\/\" \/>\n<meta property=\"og:site_name\" content=\"Villamar\u00ec\" \/>\n<meta property=\"article:modified_time\" content=\"2026-03-15T14:53:26+00:00\" \/>\n<meta property=\"og:image\" content=\"https:\/\/www.villamarialghero.it\/wp-content\/uploads\/30_compressed.jpg\" \/>\n\t<meta property=\"og:image:width\" content=\"1200\" \/>\n\t<meta property=\"og:image:height\" content=\"800\" \/>\n\t<meta property=\"og:image:type\" content=\"image\/jpeg\" \/>\n<script type=\"application\/ld+json\" class=\"yoast-schema-graph\">{\"@context\":\"https:\/\/schema.org\",\"@graph\":[{\"@type\":\"WebPage\",\"@id\":\"https:\/\/www.villamarialghero.it\/es\/blog\/\",\"url\":\"https:\/\/www.villamarialghero.it\/es\/blog\/\",\"name\":\"Blog - Villamar\u00ec\",\"isPartOf\":{\"@id\":\"https:\/\/www.villamarialghero.it\/es\/#website\"},\"datePublished\":\"2025-05-28T15:51:33+00:00\",\"dateModified\":\"2026-03-15T14:53:26+00:00\",\"breadcrumb\":{\"@id\":\"https:\/\/www.villamarialghero.it\/es\/blog\/#breadcrumb\"},\"inLanguage\":\"es\",\"potentialAction\":[{\"@type\":\"ReadAction\",\"target\":[\"https:\/\/www.villamarialghero.it\/es\/blog\/\"]}]},{\"@type\":\"BreadcrumbList\",\"@id\":\"https:\/\/www.villamarialghero.it\/es\/blog\/#breadcrumb\",\"itemListElement\":[{\"@type\":\"ListItem\",\"position\":1,\"name\":\"Home\",\"item\":\"https:\/\/www.villamarialghero.it\/es\/\"},{\"@type\":\"ListItem\",\"position\":2,\"name\":\"Blog\"}]},{\"@type\":\"WebSite\",\"@id\":\"https:\/\/www.villamarialghero.it\/es\/#website\",\"url\":\"https:\/\/www.villamarialghero.it\/es\/\",\"name\":\"B&B Villamar\u00ec Alghero\",\"description\":\"\",\"publisher\":{\"@id\":\"https:\/\/www.villamarialghero.it\/es\/#organization\"},\"potentialAction\":[{\"@type\":\"SearchAction\",\"target\":{\"@type\":\"EntryPoint\",\"urlTemplate\":\"https:\/\/www.villamarialghero.it\/es\/?s={search_term_string}\"},\"query-input\":{\"@type\":\"PropertyValueSpecification\",\"valueRequired\":true,\"valueName\":\"search_term_string\"}}],\"inLanguage\":\"es\"},{\"@type\":\"Organization\",\"@id\":\"https:\/\/www.villamarialghero.it\/es\/#organization\",\"name\":\"Villamar\u00ec\",\"url\":\"https:\/\/www.villamarialghero.it\/es\/\",\"logo\":{\"@type\":\"ImageObject\",\"inLanguage\":\"es\",\"@id\":\"https:\/\/www.villamarialghero.it\/es\/#\/schema\/logo\/image\/\",\"url\":\"https:\/\/www.villamarialghero.it\/wp-content\/uploads\/logo-colore.svg\",\"contentUrl\":\"https:\/\/www.villamarialghero.it\/wp-content\/uploads\/logo-colore.svg\",\"width\":1164,\"height\":892,\"caption\":\"Villamar\u00ec\"},\"image\":{\"@id\":\"https:\/\/www.villamarialghero.it\/es\/#\/schema\/logo\/image\/\"}}]}<\/script>\n<!-- \/ Yoast SEO plugin. -->","yoast_head_json":{"title":"Blog - Villamar\u00ec","robots":{"index":"index","follow":"follow","max-snippet":"max-snippet:-1","max-image-preview":"max-image-preview:large","max-video-preview":"max-video-preview:-1"},"canonical":"https:\/\/www.villamarialghero.it\/es\/blog\/","og_locale":"es_ES","og_type":"article","og_title":"Blog - Villamar\u00ec","og_url":"https:\/\/www.villamarialghero.it\/es\/blog\/","og_site_name":"Villamar\u00ec","article_modified_time":"2026-03-15T14:53:26+00:00","og_image":[{"width":1200,"height":800,"url":"https:\/\/www.villamarialghero.it\/wp-content\/uploads\/30_compressed.jpg","type":"image\/jpeg"}],"schema":{"@context":"https:\/\/schema.org","@graph":[{"@type":"WebPage","@id":"https:\/\/www.villamarialghero.it\/es\/blog\/","url":"https:\/\/www.villamarialghero.it\/es\/blog\/","name":"Blog - Villamar\u00ec","isPartOf":{"@id":"https:\/\/www.villamarialghero.it\/es\/#website"},"datePublished":"2025-05-28T15:51:33+00:00","dateModified":"2026-03-15T14:53:26+00:00","breadcrumb":{"@id":"https:\/\/www.villamarialghero.it\/es\/blog\/#breadcrumb"},"inLanguage":"es","potentialAction":[{"@type":"ReadAction","target":["https:\/\/www.villamarialghero.it\/es\/blog\/"]}]},{"@type":"BreadcrumbList","@id":"https:\/\/www.villamarialghero.it\/es\/blog\/#breadcrumb","itemListElement":[{"@type":"ListItem","position":1,"name":"Home","item":"https:\/\/www.villamarialghero.it\/es\/"},{"@type":"ListItem","position":2,"name":"Blog"}]},{"@type":"WebSite","@id":"https:\/\/www.villamarialghero.it\/es\/#website","url":"https:\/\/www.villamarialghero.it\/es\/","name":"B&B Villamar\u00ec Alghero","description":"","publisher":{"@id":"https:\/\/www.villamarialghero.it\/es\/#organization"},"potentialAction":[{"@type":"SearchAction","target":{"@type":"EntryPoint","urlTemplate":"https:\/\/www.villamarialghero.it\/es\/?s={search_term_string}"},"query-input":{"@type":"PropertyValueSpecification","valueRequired":true,"valueName":"search_term_string"}}],"inLanguage":"es"},{"@type":"Organization","@id":"https:\/\/www.villamarialghero.it\/es\/#organization","name":"Villamar\u00ec","url":"https:\/\/www.villamarialghero.it\/es\/","logo":{"@type":"ImageObject","inLanguage":"es","@id":"https:\/\/www.villamarialghero.it\/es\/#\/schema\/logo\/image\/","url":"https:\/\/www.villamarialghero.it\/wp-content\/uploads\/logo-colore.svg","contentUrl":"https:\/\/www.villamarialghero.it\/wp-content\/uploads\/logo-colore.svg","width":1164,"height":892,"caption":"Villamar\u00ec"},"image":{"@id":"https:\/\/www.villamarialghero.it\/es\/#\/schema\/logo\/image\/"}}]}},"_links":{"self":[{"href":"https:\/\/www.villamarialghero.it\/es\/wp-json\/wp\/v2\/pages\/1636","targetHints":{"allow":["GET"]}}],"collection":[{"href":"https:\/\/www.villamarialghero.it\/es\/wp-json\/wp\/v2\/pages"}],"about":[{"href":"https:\/\/www.villamarialghero.it\/es\/wp-json\/wp\/v2\/types\/page"}],"author":[{"embeddable":true,"href":"https:\/\/www.villamarialghero.it\/es\/wp-json\/wp\/v2\/users\/1"}],"replies":[{"embeddable":true,"href":"https:\/\/www.villamarialghero.it\/es\/wp-json\/wp\/v2\/comments?post=1636"}],"version-history":[{"count":1,"href":"https:\/\/www.villamarialghero.it\/es\/wp-json\/wp\/v2\/pages\/1636\/revisions"}],"predecessor-version":[{"id":1637,"href":"https:\/\/www.villamarialghero.it\/es\/wp-json\/wp\/v2\/pages\/1636\/revisions\/1637"}],"wp:attachment":[{"href":"https:\/\/www.villamarialghero.it\/es\/wp-json\/wp\/v2\/media?parent=1636"}],"curies":[{"name":"wp","href":"https:\/\/api.w.org\/{rel}","templated":true}]}}