{"id":1634,"date":"2025-05-28T15:51:33","date_gmt":"2025-05-28T15:51:33","guid":{"rendered":"https:\/\/villamari.claudioruggiu.it\/blog\/"},"modified":"2026-03-15T14:52:55","modified_gmt":"2026-03-15T14:52:55","slug":"blog","status":"publish","type":"page","link":"https:\/\/www.villamarialghero.it\/de\/blog\/","title":{"rendered":"Blog"},"content":{"rendered":"<style>.elementor-1634 .elementor-element.elementor-element-29068a26{--display:flex;--flex-direction:row;--container-widget-width:initial;--container-widget-height:100%;--container-widget-flex-grow:1;--container-widget-align-self:stretch;--flex-wrap-mobile:wrap;--gap:0px 0px;--row-gap:0px;--column-gap:0px;--overlay-opacity:0.4;--margin-top:-100px;--margin-bottom:0px;--margin-left:0px;--margin-right:0px;--padding-top:0px;--padding-bottom:0px;--padding-left:0px;--padding-right:0px;}.elementor-1634 .elementor-element.elementor-element-29068a26:not(.elementor-motion-effects-element-type-background), .elementor-1634 .elementor-element.elementor-element-29068a26 > .elementor-motion-effects-container > .elementor-motion-effects-layer{background-position:center center;background-repeat:no-repeat;background-size:cover;}.elementor-1634 .elementor-element.elementor-element-29068a26::before, .elementor-1634 .elementor-element.elementor-element-29068a26 > .elementor-background-video-container::before, .elementor-1634 .elementor-element.elementor-element-29068a26 > .e-con-inner > .elementor-background-video-container::before, .elementor-1634 .elementor-element.elementor-element-29068a26 > .elementor-background-slideshow::before, .elementor-1634 .elementor-element.elementor-element-29068a26 > .e-con-inner > .elementor-background-slideshow::before, .elementor-1634 .elementor-element.elementor-element-29068a26 > .elementor-motion-effects-container > .elementor-motion-effects-layer::before{--background-overlay:'';background-color:var( --e-global-color-primary );}.elementor-1634 .elementor-element.elementor-element-3ac4d3f2{--display:flex;--flex-direction:column;--container-widget-width:100%;--container-widget-height:initial;--container-widget-flex-grow:0;--container-widget-align-self:initial;--flex-wrap-mobile:wrap;--gap:0px 0px;--row-gap:0px;--column-gap:0px;--margin-top:0px;--margin-bottom:0px;--margin-left:0px;--margin-right:0px;--padding-top:250px;--padding-bottom:150px;--padding-left:0px;--padding-right:0px;}.elementor-1634 .elementor-element.elementor-element-3ac4d3f2:not(.elementor-motion-effects-element-type-background), .elementor-1634 .elementor-element.elementor-element-3ac4d3f2 > .elementor-motion-effects-container > .elementor-motion-effects-layer{background-color:transparent;background-image:linear-gradient(180deg, var( --e-global-color-primary ) 0%, #00000A00 60%);}.elementor-1634 .elementor-element.elementor-element-5d63c99c{--display:flex;--flex-direction:column;--container-widget-width:100%;--container-widget-height:initial;--container-widget-flex-grow:0;--container-widget-align-self:initial;--flex-wrap-mobile:wrap;--gap:0px 0px;--row-gap:0px;--column-gap:0px;--margin-top:0px;--margin-bottom:0px;--margin-left:0px;--margin-right:0px;--padding-top:0px;--padding-bottom:0px;--padding-left:0px;--padding-right:0px;}.elementor-1634 .elementor-element.elementor-element-1ad0b33a{text-align:center;}.elementor-1634 .elementor-element.elementor-element-1ad0b33a .elementor-heading-title{font-family:\"Great Vibes\", Sans-serif;font-size:70px;color:var( --e-global-color-b711fcc );}.elementor-1634 .elementor-element.elementor-element-529756c9{--display:flex;--min-height:97px;--flex-direction:row;--container-widget-width:initial;--container-widget-height:100%;--container-widget-flex-grow:1;--container-widget-align-self:stretch;--flex-wrap-mobile:wrap;--justify-content:center;--gap:25px 25px;--row-gap:25px;--column-gap:25px;--margin-top:0px;--margin-bottom:0px;--margin-left:0px;--margin-right:0px;--padding-top:120px;--padding-bottom:140px;--padding-left:0px;--padding-right:0px;}.elementor-1634 .elementor-element.elementor-element-33c25cfd{--display:flex;--flex-direction:column;--container-widget-width:100%;--container-widget-height:initial;--container-widget-flex-grow:0;--container-widget-align-self:initial;--flex-wrap-mobile:wrap;--gap:30px 0px;--row-gap:30px;--column-gap:0px;--margin-top:0px;--margin-bottom:0px;--margin-left:0px;--margin-right:0px;--padding-top:0px;--padding-bottom:0px;--padding-left:0px;--padding-right:0px;}.elementor-1634 .elementor-element.elementor-element-003277a .elementor-posts-container .elementor-post__thumbnail{padding-bottom:calc( 0.75 * 100% );}.elementor-1634 .elementor-element.elementor-element-003277a:after{content:\"0.75\";}.elementor-1634 .elementor-element.elementor-element-003277a .elementor-post__thumbnail__link{width:35%;}.elementor-1634 .elementor-element.elementor-element-003277a{--grid-column-gap:30px;--grid-row-gap:65px;}.elementor-1634 .elementor-element.elementor-element-003277a.elementor-posts--thumbnail-left .elementor-post__thumbnail__link{margin-right:20px;}.elementor-1634 .elementor-element.elementor-element-003277a.elementor-posts--thumbnail-right .elementor-post__thumbnail__link{margin-left:20px;}.elementor-1634 .elementor-element.elementor-element-003277a.elementor-posts--thumbnail-top .elementor-post__thumbnail__link{margin-bottom:20px;}.elementor-1634 .elementor-element.elementor-element-003277a .elementor-post__title, .elementor-1634 .elementor-element.elementor-element-003277a .elementor-post__title a{color:var( --e-global-color-f7c54e0 );font-size:25px;line-height:34px;}.elementor-1634 .elementor-element.elementor-element-003277a .elementor-post__title{margin-bottom:11px;}.elementor-1634 .elementor-element.elementor-element-003277a .elementor-post__excerpt p{font-size:16px;}:root{--page-title-display:none;}@media(min-width:768px){.elementor-1634 .elementor-element.elementor-element-3ac4d3f2{--width:100%;}.elementor-1634 .elementor-element.elementor-element-33c25cfd{--width:86%;}}@media(max-width:1024px){.elementor-1634 .elementor-element.elementor-element-29068a26{--margin-top:-90px;--margin-bottom:0px;--margin-left:0px;--margin-right:0px;--padding-top:0px;--padding-bottom:0px;--padding-left:0px;--padding-right:0px;}.elementor-1634 .elementor-element.elementor-element-3ac4d3f2{--margin-top:0px;--margin-bottom:0px;--margin-left:0px;--margin-right:0px;--padding-top:150px;--padding-bottom:80px;--padding-left:20px;--padding-right:20px;}.elementor-1634 .elementor-element.elementor-element-529756c9{--gap:0px 20px;--row-gap:0px;--column-gap:20px;--margin-top:0px;--margin-bottom:0px;--margin-left:0px;--margin-right:0px;--padding-top:70px;--padding-bottom:70px;--padding-left:20px;--padding-right:20px;}}@media(max-width:767px){.elementor-1634 .elementor-element.elementor-element-29068a26{--margin-top:-85px;--margin-bottom:0px;--margin-left:0px;--margin-right:0px;}.elementor-1634 .elementor-element.elementor-element-3ac4d3f2{--padding-top:140px;--padding-bottom:70px;--padding-left:20px;--padding-right:20px;}.elementor-1634 .elementor-element.elementor-element-529756c9{--margin-top:0px;--margin-bottom:0px;--margin-left:0px;--margin-right:0px;--padding-top:50px;--padding-bottom:50px;--padding-left:20px;--padding-right:20px;}.elementor-1634 .elementor-element.elementor-element-003277a .elementor-posts-container .elementor-post__thumbnail{padding-bottom:calc( 0.5 * 100% );}.elementor-1634 .elementor-element.elementor-element-003277a:after{content:\"0.5\";}.elementor-1634 .elementor-element.elementor-element-003277a .elementor-post__thumbnail__link{width:100%;}}\/* Start Custom Fonts CSS *\/@font-face {\n\tfont-family: 'Great Vibes';\n\tfont-display: auto;\n\tsrc: url('https:\/\/www.villamarialghero.it\/wp-content\/uploads\/GreatVibes-Regular.ttf') format('truetype');\n}\n\/* End Custom Fonts CSS *\/<\/style>\t\t<div data-elementor-type=\"wp-page\" data-elementor-id=\"1634\" class=\"elementor elementor-1634 elementor-310\" data-elementor-post-type=\"page\">\n\t\t\t\t<div class=\"elementor-element elementor-element-29068a26 e-con-full e-flex e-con e-parent\" data-id=\"29068a26\" data-element_type=\"container\" data-e-type=\"container\" data-settings=\"{&quot;background_background&quot;:&quot;classic&quot;}\">\n\t\t<div class=\"elementor-element elementor-element-3ac4d3f2 e-con-full e-flex e-con e-child\" data-id=\"3ac4d3f2\" data-element_type=\"container\" data-e-type=\"container\" data-settings=\"{&quot;background_background&quot;:&quot;gradient&quot;}\">\n\t\t<div class=\"elementor-element elementor-element-5d63c99c e-flex e-con-boxed e-con e-child\" data-id=\"5d63c99c\" data-element_type=\"container\" data-e-type=\"container\">\n\t\t\t\t\t<div class=\"e-con-inner\">\n\t\t\t\t<div class=\"elementor-element elementor-element-1ad0b33a elementor-widget elementor-widget-heading\" data-id=\"1ad0b33a\" data-element_type=\"widget\" data-e-type=\"widget\" data-widget_type=\"heading.default\">\n\t\t\t\t<div class=\"elementor-widget-container\">\n\t\t\t\t\t<h2 class=\"elementor-heading-title elementor-size-default\">Blog<\/h2>\t\t\t\t<\/div>\n\t\t\t\t<\/div>\n\t\t\t\t\t<\/div>\n\t\t\t\t<\/div>\n\t\t\t\t<\/div>\n\t\t\t\t<\/div>\n\t\t<div class=\"elementor-element elementor-element-529756c9 e-flex e-con-boxed e-con e-parent\" data-id=\"529756c9\" data-element_type=\"container\" data-e-type=\"container\">\n\t\t\t\t\t<div class=\"e-con-inner\">\n\t\t<div class=\"elementor-element elementor-element-33c25cfd e-con-full e-flex e-con e-child\" data-id=\"33c25cfd\" data-element_type=\"container\" data-e-type=\"container\">\n\t\t\t\t<div class=\"elementor-element elementor-element-003277a elementor-grid-1 elementor-posts--thumbnail-left elementor-grid-tablet-2 elementor-grid-mobile-1 elementor-widget elementor-widget-posts\" data-id=\"003277a\" data-element_type=\"widget\" data-e-type=\"widget\" data-settings=\"{&quot;classic_columns&quot;:&quot;1&quot;,&quot;classic_row_gap&quot;:{&quot;unit&quot;:&quot;px&quot;,&quot;size&quot;:65,&quot;sizes&quot;:[]},&quot;classic_columns_tablet&quot;:&quot;2&quot;,&quot;classic_columns_mobile&quot;:&quot;1&quot;,&quot;classic_row_gap_tablet&quot;:{&quot;unit&quot;:&quot;px&quot;,&quot;size&quot;:&quot;&quot;,&quot;sizes&quot;:[]},&quot;classic_row_gap_mobile&quot;:{&quot;unit&quot;:&quot;px&quot;,&quot;size&quot;:&quot;&quot;,&quot;sizes&quot;:[]}}\" data-widget_type=\"posts.classic\">\n\t\t\t\t<div class=\"elementor-widget-container\">\n\t\t\t\t\t\t\t<div class=\"elementor-posts-container elementor-posts elementor-posts--skin-classic elementor-grid\" role=\"list\">\n\t\t\t\t<article class=\"elementor-post elementor-grid-item post-1603 post type-post status-publish format-standard has-post-thumbnail hentry category-blog\" role=\"listitem\">\n\t\t\t\t<a class=\"elementor-post__thumbnail__link\" href=\"https:\/\/www.villamarialghero.it\/de\/romantisches-wochenende-auf-sardinien-warum-villamari-waehlen\/\" tabindex=\"-1\" >\n\t\t\t<div class=\"elementor-post__thumbnail\"><img fetchpriority=\"high\" decoding=\"async\" width=\"300\" height=\"188\" src=\"https:\/\/www.villamarialghero.it\/wp-content\/uploads\/weekend-romantico-300x188.jpg\" class=\"attachment-medium size-medium wp-image-1602\" alt=\"\" srcset=\"https:\/\/www.villamarialghero.it\/wp-content\/uploads\/weekend-romantico-300x188.jpg 300w, https:\/\/www.villamarialghero.it\/wp-content\/uploads\/weekend-romantico-768x482.jpg 768w, https:\/\/www.villamarialghero.it\/wp-content\/uploads\/weekend-romantico.jpg 1000w\" sizes=\"(max-width: 300px) 100vw, 300px\" \/><\/div>\n\t\t<\/a>\n\t\t\t\t<div class=\"elementor-post__text\">\n\t\t\t\t<h3 class=\"elementor-post__title\">\n\t\t\t<a href=\"https:\/\/www.villamarialghero.it\/de\/romantisches-wochenende-auf-sardinien-warum-villamari-waehlen\/\" >\n\t\t\t\tRomantisches Wochenende auf Sardinien: Warum Villamar\u00ec w\u00e4hlen\t\t\t<\/a>\n\t\t<\/h3>\n\t\t\t\t<div class=\"elementor-post__excerpt\">\n\t\t\t<p>Alghero ist eines der romantischsten Reiseziele Sardiniens, dank seiner spektakul\u00e4ren Sonnenunterg\u00e4nge, der Spazierg\u00e4nge auf den Bastionen und der einzigartigen Atmosph\u00e4re der katalanischen Altstadt. F\u00fcr einen unvergesslichen romantischen Kurzurlaub bietet Villamar\u00ec die perfekte Kombination aus Komfort, Privatsph\u00e4re und Authentizit\u00e4t. Intime und einladende Atmosph\u00e4re. Villamar\u00ec ist eine Unterkunft, die darauf ausgelegt ist, Ruhe und Entspannung zu bieten. Die geschmackvoll eingerichteten Zimmer schaffen ein ideales Ambiente f\u00fcr Paare, die Intimit\u00e4t suchen. Die Liebe zum Detail und die herzliche Gastfreundschaft von Paquita machen den Unterschied. Strategische Lage zum gemeinsamen Erkunden. Vom B&amp;B aus erreichen<\/p>\n\t\t<\/div>\n\t\t\t\t<\/div>\n\t\t\t\t<\/article>\n\t\t\t\t<article class=\"elementor-post elementor-grid-item post-1609 post type-post status-publish format-standard has-post-thumbnail hentry category-blog\" role=\"listitem\">\n\t\t\t\t<a class=\"elementor-post__thumbnail__link\" href=\"https:\/\/www.villamarialghero.it\/de\/was-man-in-alghero-ausser-dem-meer-unternehmen-kann-authentische-erlebnisse\/\" tabindex=\"-1\" >\n\t\t\t<div class=\"elementor-post__thumbnail\"><img decoding=\"async\" width=\"300\" height=\"199\" src=\"https:\/\/www.villamarialghero.it\/wp-content\/uploads\/passeggiate-cavallo-300x199.jpg\" class=\"attachment-medium size-medium wp-image-1608\" alt=\"\" srcset=\"https:\/\/www.villamarialghero.it\/wp-content\/uploads\/passeggiate-cavallo-300x199.jpg 300w, https:\/\/www.villamarialghero.it\/wp-content\/uploads\/passeggiate-cavallo-768x509.jpg 768w, https:\/\/www.villamarialghero.it\/wp-content\/uploads\/passeggiate-cavallo.jpg 1000w\" sizes=\"(max-width: 300px) 100vw, 300px\" \/><\/div>\n\t\t<\/a>\n\t\t\t\t<div class=\"elementor-post__text\">\n\t\t\t\t<h3 class=\"elementor-post__title\">\n\t\t\t<a href=\"https:\/\/www.villamarialghero.it\/de\/was-man-in-alghero-ausser-dem-meer-unternehmen-kann-authentische-erlebnisse\/\" >\n\t\t\t\tWas man in Alghero au\u00dfer dem Meer unternehmen kann: Authentische Erlebnisse\t\t\t<\/a>\n\t\t<\/h3>\n\t\t\t\t<div class=\"elementor-post__excerpt\">\n\t\t\t<p>Alghero liegt an der Nordwestk\u00fcste Sardiniens und ist bekannt f\u00fcr seine Str\u00e4nde und sein katalanisches historisches Zentrum. Diese faszinierende Stadt bietet jedoch noch viel mehr: ein Hinterland reich an Geschichte, Kultur und Natur, das es zu entdecken gilt. Hier sind einige authentische Erlebnisse, die Sie w\u00e4hrend Ihres Aufenthalts erleben k\u00f6nnen. Ausflug zu den Neptungrotten. Die Neptungrotten sind \u00fcber das Meer mit Bootsausfl\u00fcgen vom Hafen Alghero oder \u00fcber Land durch die ber\u00fchmte Escala del Cabirol (654 in die Klippe gehauene Stufen) erreichbar und geh\u00f6ren zu den spektakul\u00e4rsten Naturst\u00e4tten Sardiniens. Ein unterirdischer<\/p>\n\t\t<\/div>\n\t\t\t\t<\/div>\n\t\t\t\t<\/article>\n\t\t\t\t<article class=\"elementor-post elementor-grid-item post-1619 post type-post status-publish format-standard has-post-thumbnail hentry category-blog\" role=\"listitem\">\n\t\t\t\t<a class=\"elementor-post__thumbnail__link\" href=\"https:\/\/www.villamarialghero.it\/de\/sardischer-genuss-typische-gerichte-die-sie-waehrend-ihres-urlaubs-probieren-sollten\/\" tabindex=\"-1\" >\n\t\t\t<div class=\"elementor-post__thumbnail\"><img decoding=\"async\" width=\"300\" height=\"200\" src=\"https:\/\/www.villamarialghero.it\/wp-content\/uploads\/aragosta-catalana-300x200.jpg\" class=\"attachment-medium size-medium wp-image-1618\" alt=\"\" srcset=\"https:\/\/www.villamarialghero.it\/wp-content\/uploads\/aragosta-catalana-300x200.jpg 300w, https:\/\/www.villamarialghero.it\/wp-content\/uploads\/aragosta-catalana-768x511.jpg 768w, https:\/\/www.villamarialghero.it\/wp-content\/uploads\/aragosta-catalana.jpg 1000w\" sizes=\"(max-width: 300px) 100vw, 300px\" \/><\/div>\n\t\t<\/a>\n\t\t\t\t<div class=\"elementor-post__text\">\n\t\t\t\t<h3 class=\"elementor-post__title\">\n\t\t\t<a href=\"https:\/\/www.villamarialghero.it\/de\/sardischer-genuss-typische-gerichte-die-sie-waehrend-ihres-urlaubs-probieren-sollten\/\" >\n\t\t\t\tSardischer Genuss: Typische Gerichte, die Sie w\u00e4hrend Ihres Urlaubs probieren sollten\t\t\t<\/a>\n\t\t<\/h3>\n\t\t\t\t<div class=\"elementor-post__excerpt\">\n\t\t\t<p>Die sardische K\u00fcche ist eine Reise durch die Geschichte, das Land und die Traditionen eines Volkes, das eng mit seiner eigenen Identit\u00e4t verbunden ist. W\u00e4hrend eines Urlaubs in Alghero haben Sie die Gelegenheit, authentische Gerichte in lokalen Restaurants, auf Sommerfesten oder auf den Wochenm\u00e4rkten zu genie\u00dfen. Aragosta alla Catalana Das Symbolgericht von Alghero: gekochter Hummer, kalt serviert mit Tomaten, roten Zwiebeln und einem Schuss Oliven\u00f6l. Ein einfaches und au\u00dfergew\u00f6hnliches Gericht, das eng mit der katalanisch-algheresischen Tradition verbunden ist und in den besten Restaurants am Hafen angeboten wird. Fregola con arselle<\/p>\n\t\t<\/div>\n\t\t\t\t<\/div>\n\t\t\t\t<\/article>\n\t\t\t\t<article class=\"elementor-post elementor-grid-item post-1627 post type-post status-publish format-standard has-post-thumbnail hentry category-blog\" role=\"listitem\">\n\t\t\t\t<a class=\"elementor-post__thumbnail__link\" href=\"https:\/\/www.villamarialghero.it\/de\/die-schoensten-straende-von-alghero-und-umgebung\/\" tabindex=\"-1\" >\n\t\t\t<div class=\"elementor-post__thumbnail\"><img loading=\"lazy\" decoding=\"async\" width=\"300\" height=\"200\" src=\"https:\/\/www.villamarialghero.it\/wp-content\/uploads\/bombarde_compressed-300x200.jpg\" class=\"attachment-medium size-medium wp-image-1626\" alt=\"\" srcset=\"https:\/\/www.villamarialghero.it\/wp-content\/uploads\/bombarde_compressed-300x200.jpg 300w, https:\/\/www.villamarialghero.it\/wp-content\/uploads\/bombarde_compressed-1024x683.jpg 1024w, https:\/\/www.villamarialghero.it\/wp-content\/uploads\/bombarde_compressed-768x512.jpg 768w, https:\/\/www.villamarialghero.it\/wp-content\/uploads\/bombarde_compressed.jpg 1500w\" sizes=\"(max-width: 300px) 100vw, 300px\" \/><\/div>\n\t\t<\/a>\n\t\t\t\t<div class=\"elementor-post__text\">\n\t\t\t\t<h3 class=\"elementor-post__title\">\n\t\t\t<a href=\"https:\/\/www.villamarialghero.it\/de\/die-schoensten-straende-von-alghero-und-umgebung\/\" >\n\t\t\t\tDie sch\u00f6nsten Str\u00e4nde von Alghero und Umgebung\t\t\t<\/a>\n\t\t<\/h3>\n\t\t\t\t<div class=\"elementor-post__excerpt\">\n\t\t\t<p>Alghero ist eines der beliebtesten Badeziele im Nordwesten Sardiniens. Die K\u00fcste bietet Str\u00e4nde f\u00fcr jeden Geschmack: goldener Sand, t\u00fcrkisfarbenes Wasser, versteckte Buchten und Meeresgr\u00fcnde, die sich perfekt zum Schnorcheln eignen. Hier sind die Str\u00e4nde, die Sie sich nicht entgehen lassen sollten, wenn Sie im Villamar\u00ec \u00fcbernachten. Spiaggia delle Bombarde. Etwa 10 km vom Zentrum entfernt ist Le Bombarde der ber\u00fchmteste Strand von Alghero: heller Sand, kristallklares Wasser mit T\u00fcrkisnuancen und ein Pinienwald im Hintergrund, der nat\u00fcrlichen Schatten spendet. Ausgestattete Serviceeinrichtungen und eine Strandbar machen ihn perfekt f\u00fcr einen kompletten Tag<\/p>\n\t\t<\/div>\n\t\t\t\t<\/div>\n\t\t\t\t<\/article>\n\t\t\t\t<\/div>\n\t\t\n\t\t\t\t\t\t<\/div>\n\t\t\t\t<\/div>\n\t\t\t\t<\/div>\n\t\t\t\t\t<\/div>\n\t\t\t\t<\/div>\n\t\t\t\t<\/div>\n\t\t","protected":false},"excerpt":{"rendered":"","protected":false},"author":1,"featured_media":0,"parent":0,"menu_order":0,"comment_status":"closed","ping_status":"closed","template":"","meta":{"footnotes":""},"class_list":["post-1634","page","type-page","status-publish","hentry"],"yoast_head":"<!-- This site is optimized with the Yoast SEO plugin v27.2 - https:\/\/yoast.com\/product\/yoast-seo-wordpress\/ -->\n<title>Blog - Villamar\u00ec<\/title>\n<meta name=\"robots\" content=\"index, follow, max-snippet:-1, max-image-preview:large, max-video-preview:-1\" \/>\n<link rel=\"canonical\" href=\"https:\/\/www.villamarialghero.it\/de\/blog\/\" \/>\n<meta property=\"og:locale\" content=\"de_DE\" \/>\n<meta property=\"og:type\" content=\"article\" \/>\n<meta property=\"og:title\" content=\"Blog - Villamar\u00ec\" \/>\n<meta property=\"og:url\" content=\"https:\/\/www.villamarialghero.it\/de\/blog\/\" \/>\n<meta property=\"og:site_name\" content=\"Villamar\u00ec\" \/>\n<meta property=\"article:modified_time\" content=\"2026-03-15T14:52:55+00:00\" \/>\n<meta property=\"og:image\" content=\"https:\/\/www.villamarialghero.it\/wp-content\/uploads\/30_compressed.jpg\" \/>\n\t<meta property=\"og:image:width\" content=\"1200\" \/>\n\t<meta property=\"og:image:height\" content=\"800\" \/>\n\t<meta property=\"og:image:type\" content=\"image\/jpeg\" \/>\n<script type=\"application\/ld+json\" class=\"yoast-schema-graph\">{\"@context\":\"https:\/\/schema.org\",\"@graph\":[{\"@type\":\"WebPage\",\"@id\":\"https:\/\/www.villamarialghero.it\/de\/blog\/\",\"url\":\"https:\/\/www.villamarialghero.it\/de\/blog\/\",\"name\":\"Blog - Villamar\u00ec\",\"isPartOf\":{\"@id\":\"https:\/\/www.villamarialghero.it\/de\/#website\"},\"datePublished\":\"2025-05-28T15:51:33+00:00\",\"dateModified\":\"2026-03-15T14:52:55+00:00\",\"breadcrumb\":{\"@id\":\"https:\/\/www.villamarialghero.it\/de\/blog\/#breadcrumb\"},\"inLanguage\":\"de\",\"potentialAction\":[{\"@type\":\"ReadAction\",\"target\":[\"https:\/\/www.villamarialghero.it\/de\/blog\/\"]}]},{\"@type\":\"BreadcrumbList\",\"@id\":\"https:\/\/www.villamarialghero.it\/de\/blog\/#breadcrumb\",\"itemListElement\":[{\"@type\":\"ListItem\",\"position\":1,\"name\":\"Home\",\"item\":\"https:\/\/www.villamarialghero.it\/de\/\"},{\"@type\":\"ListItem\",\"position\":2,\"name\":\"Blog\"}]},{\"@type\":\"WebSite\",\"@id\":\"https:\/\/www.villamarialghero.it\/de\/#website\",\"url\":\"https:\/\/www.villamarialghero.it\/de\/\",\"name\":\"B&B Villamar\u00ec Alghero\",\"description\":\"\",\"publisher\":{\"@id\":\"https:\/\/www.villamarialghero.it\/de\/#organization\"},\"potentialAction\":[{\"@type\":\"SearchAction\",\"target\":{\"@type\":\"EntryPoint\",\"urlTemplate\":\"https:\/\/www.villamarialghero.it\/de\/?s={search_term_string}\"},\"query-input\":{\"@type\":\"PropertyValueSpecification\",\"valueRequired\":true,\"valueName\":\"search_term_string\"}}],\"inLanguage\":\"de\"},{\"@type\":\"Organization\",\"@id\":\"https:\/\/www.villamarialghero.it\/de\/#organization\",\"name\":\"Villamar\u00ec\",\"url\":\"https:\/\/www.villamarialghero.it\/de\/\",\"logo\":{\"@type\":\"ImageObject\",\"inLanguage\":\"de\",\"@id\":\"https:\/\/www.villamarialghero.it\/de\/#\/schema\/logo\/image\/\",\"url\":\"https:\/\/www.villamarialghero.it\/wp-content\/uploads\/logo-colore.svg\",\"contentUrl\":\"https:\/\/www.villamarialghero.it\/wp-content\/uploads\/logo-colore.svg\",\"width\":1164,\"height\":892,\"caption\":\"Villamar\u00ec\"},\"image\":{\"@id\":\"https:\/\/www.villamarialghero.it\/de\/#\/schema\/logo\/image\/\"}}]}<\/script>\n<!-- \/ Yoast SEO plugin. -->","yoast_head_json":{"title":"Blog - Villamar\u00ec","robots":{"index":"index","follow":"follow","max-snippet":"max-snippet:-1","max-image-preview":"max-image-preview:large","max-video-preview":"max-video-preview:-1"},"canonical":"https:\/\/www.villamarialghero.it\/de\/blog\/","og_locale":"de_DE","og_type":"article","og_title":"Blog - Villamar\u00ec","og_url":"https:\/\/www.villamarialghero.it\/de\/blog\/","og_site_name":"Villamar\u00ec","article_modified_time":"2026-03-15T14:52:55+00:00","og_image":[{"width":1200,"height":800,"url":"https:\/\/www.villamarialghero.it\/wp-content\/uploads\/30_compressed.jpg","type":"image\/jpeg"}],"schema":{"@context":"https:\/\/schema.org","@graph":[{"@type":"WebPage","@id":"https:\/\/www.villamarialghero.it\/de\/blog\/","url":"https:\/\/www.villamarialghero.it\/de\/blog\/","name":"Blog - Villamar\u00ec","isPartOf":{"@id":"https:\/\/www.villamarialghero.it\/de\/#website"},"datePublished":"2025-05-28T15:51:33+00:00","dateModified":"2026-03-15T14:52:55+00:00","breadcrumb":{"@id":"https:\/\/www.villamarialghero.it\/de\/blog\/#breadcrumb"},"inLanguage":"de","potentialAction":[{"@type":"ReadAction","target":["https:\/\/www.villamarialghero.it\/de\/blog\/"]}]},{"@type":"BreadcrumbList","@id":"https:\/\/www.villamarialghero.it\/de\/blog\/#breadcrumb","itemListElement":[{"@type":"ListItem","position":1,"name":"Home","item":"https:\/\/www.villamarialghero.it\/de\/"},{"@type":"ListItem","position":2,"name":"Blog"}]},{"@type":"WebSite","@id":"https:\/\/www.villamarialghero.it\/de\/#website","url":"https:\/\/www.villamarialghero.it\/de\/","name":"B&B Villamar\u00ec Alghero","description":"","publisher":{"@id":"https:\/\/www.villamarialghero.it\/de\/#organization"},"potentialAction":[{"@type":"SearchAction","target":{"@type":"EntryPoint","urlTemplate":"https:\/\/www.villamarialghero.it\/de\/?s={search_term_string}"},"query-input":{"@type":"PropertyValueSpecification","valueRequired":true,"valueName":"search_term_string"}}],"inLanguage":"de"},{"@type":"Organization","@id":"https:\/\/www.villamarialghero.it\/de\/#organization","name":"Villamar\u00ec","url":"https:\/\/www.villamarialghero.it\/de\/","logo":{"@type":"ImageObject","inLanguage":"de","@id":"https:\/\/www.villamarialghero.it\/de\/#\/schema\/logo\/image\/","url":"https:\/\/www.villamarialghero.it\/wp-content\/uploads\/logo-colore.svg","contentUrl":"https:\/\/www.villamarialghero.it\/wp-content\/uploads\/logo-colore.svg","width":1164,"height":892,"caption":"Villamar\u00ec"},"image":{"@id":"https:\/\/www.villamarialghero.it\/de\/#\/schema\/logo\/image\/"}}]}},"_links":{"self":[{"href":"https:\/\/www.villamarialghero.it\/de\/wp-json\/wp\/v2\/pages\/1634","targetHints":{"allow":["GET"]}}],"collection":[{"href":"https:\/\/www.villamarialghero.it\/de\/wp-json\/wp\/v2\/pages"}],"about":[{"href":"https:\/\/www.villamarialghero.it\/de\/wp-json\/wp\/v2\/types\/page"}],"author":[{"embeddable":true,"href":"https:\/\/www.villamarialghero.it\/de\/wp-json\/wp\/v2\/users\/1"}],"replies":[{"embeddable":true,"href":"https:\/\/www.villamarialghero.it\/de\/wp-json\/wp\/v2\/comments?post=1634"}],"version-history":[{"count":1,"href":"https:\/\/www.villamarialghero.it\/de\/wp-json\/wp\/v2\/pages\/1634\/revisions"}],"predecessor-version":[{"id":1635,"href":"https:\/\/www.villamarialghero.it\/de\/wp-json\/wp\/v2\/pages\/1634\/revisions\/1635"}],"wp:attachment":[{"href":"https:\/\/www.villamarialghero.it\/de\/wp-json\/wp\/v2\/media?parent=1634"}],"curies":[{"name":"wp","href":"https:\/\/api.w.org\/{rel}","templated":true}]}}